{"id":5471,"date":"2024-08-07T19:04:53","date_gmt":"2024-08-07T11:04:53","guid":{"rendered":"https:\/\/new.balioceansurf.com\/?page_id=5471"},"modified":"2025-08-12T19:45:44","modified_gmt":"2025-08-12T11:45:44","slug":"confirmation","status":"publish","type":"page","link":"https:\/\/balioceansurf.com\/fr\/booking\/confirmation\/","title":{"rendered":"CONFIRMATION"},"content":{"rendered":"\t\t<div data-elementor-type=\"wp-post\" data-elementor-id=\"5471\" class=\"elementor elementor-5471\">\n\t\t\t\t\t\t<section class=\"elementor-section elementor-top-section elementor-element elementor-element-c438f2d elementor-section-height-min-height elementor-section-boxed elementor-section-height-default elementor-section-items-middle\" data-id=\"c438f2d\" data-element_type=\"section\" data-e-type=\"section\" data-settings=\"{&quot;background_background&quot;:&quot;classic&quot;}\">\n\t\t\t\t\t\t<div class=\"elementor-container elementor-column-gap-default\">\n\t\t\t\t\t<div class=\"elementor-column elementor-col-100 elementor-top-column elementor-element elementor-element-d71920b scheme_bos_dark sc_inner_width_none sc_layouts_column_icons_position_left\" data-id=\"d71920b\" data-element_type=\"column\" data-e-type=\"column\" data-settings=\"{&quot;background_background&quot;:&quot;classic&quot;}\">\n\t\t\t<div class=\"elementor-widget-wrap elementor-element-populated\">\n\t\t\t\t\t\t<div class=\"elementor-element elementor-element-6e52117 sc_fly_static elementor-widget elementor-widget-trx_sc_title\" data-id=\"6e52117\" data-element_type=\"widget\" data-e-type=\"widget\" data-widget_type=\"trx_sc_title.default\">\n\t\t\t\t<div class=\"elementor-widget-container\">\n\t\t\t\t\t<div id=\"trx_sc_title_1037456980\"\n\t\tclass=\"sc_title sc_title_decoration\"><h1 class=\"sc_item_title sc_title_title sc_align_center sc_item_title_style_decoration sc_item_title_tag\"><span class=\"sc_item_title_text\">CONFIRMATION<\/span><\/h1><span class=\"sc_item_subtitle sc_title_subtitle sc_align_center sc_item_subtitle_below sc_item_title_style_decoration\">Votre demande a bien \u00e9t\u00e9 envoy\u00e9e !<\/span><\/div><!-- \/.sc_title -->\t\t\t\t<\/div>\n\t\t\t\t<\/div>\n\t\t\t\t<div class=\"elementor-element elementor-element-6be96e2 elementor-widget elementor-widget-spacer\" data-id=\"6be96e2\" data-element_type=\"widget\" data-e-type=\"widget\" data-widget_type=\"spacer.default\">\n\t\t\t\t\t\t\t<div class=\"elementor-spacer\">\n\t\t\t<div class=\"elementor-spacer-inner\"><\/div>\n\t\t<\/div>\n\t\t\t\t\t\t<\/div>\n\t\t\t\t<div class=\"elementor-element elementor-element-a5c649e elementor-widget elementor-widget-text-editor\" data-id=\"a5c649e\" data-element_type=\"widget\" data-e-type=\"widget\" data-widget_type=\"text-editor.default\">\n\t\t\t\t\t\t\t\t\t<p style=\"text-align: center;\">Nous vous r\u00e9pondrons dans moins de 24 heures selon le d\u00e9calage horaire pour vous apporter une confirmation d\u00e9finitive ainsi qu&rsquo;un devis d\u00e9taill\u00e9.<\/p><p style=\"text-align: center;\">Toute l\u2019\u00e9quipe de Bali Ocean Surf vous remercie !<\/p>\t\t\t\t\t\t\t\t<\/div>\n\t\t\t\t<div class=\"elementor-element elementor-element-3b2c5d7 elementor-widget elementor-widget-spacer\" data-id=\"3b2c5d7\" data-element_type=\"widget\" data-e-type=\"widget\" data-widget_type=\"spacer.default\">\n\t\t\t\t\t\t\t<div class=\"elementor-spacer\">\n\t\t\t<div class=\"elementor-spacer-inner\"><\/div>\n\t\t<\/div>\n\t\t\t\t\t\t<\/div>\n\t\t\t\t<section class=\"elementor-section elementor-inner-section elementor-element elementor-element-778b617 elementor-section-boxed elementor-section-height-default elementor-section-height-default\" data-id=\"778b617\" data-element_type=\"section\" data-e-type=\"section\">\n\t\t\t\t\t\t<div class=\"elementor-container elementor-column-gap-no\">\n\t\t\t\t\t<div class=\"elementor-column elementor-col-33 elementor-inner-column elementor-element elementor-element-6d58cf2 sc_layouts_column sc_layouts_column_align_center sc_inner_width_none sc_layouts_column_icons_position_left\" data-id=\"6d58cf2\" data-element_type=\"column\" data-e-type=\"column\">\n\t\t\t<div class=\"elementor-widget-wrap elementor-element-populated\">\n\t\t\t\t\t\t<div class=\"elementor-element elementor-element-ef76827 sc_fly_static elementor-widget elementor-widget-trx_sc_button\" data-id=\"ef76827\" data-element_type=\"widget\" data-e-type=\"widget\" data-widget_type=\"trx_sc_button.default\">\n\t\t\t\t<div class=\"elementor-widget-container\">\n\t\t\t\t\t<div id=\"trx_sc_button_381116572\"\tclass=\"sc_item_button sc_button_wrap sc_align_center\"><a href=\"https:\/\/balioceansurf.com\/fr\/surf-school\/#goodies\" class=\"sc_button sc_button_simple sc_button_size_normal sc_button_icon_left\"><span class=\"sc_button_text\"><span class=\"sc_button_title\">Nos goodies<\/span><\/span><!-- \/.sc_button_text --><\/a><!-- \/.sc_button --><\/div><!-- \/.sc_item_button -->\t\t\t\t<\/div>\n\t\t\t\t<\/div>\n\t\t\t\t\t<\/div>\n\t\t<\/div>\n\t\t\t\t<div class=\"elementor-column elementor-col-33 elementor-inner-column elementor-element elementor-element-9ce8970 sc_layouts_column sc_layouts_column_align_center sc_inner_width_none sc_layouts_column_icons_position_left\" data-id=\"9ce8970\" data-element_type=\"column\" data-e-type=\"column\">\n\t\t\t<div class=\"elementor-widget-wrap elementor-element-populated\">\n\t\t\t\t\t\t<div class=\"elementor-element elementor-element-7d0431b sc_fly_static elementor-widget elementor-widget-trx_sc_button\" data-id=\"7d0431b\" data-element_type=\"widget\" data-e-type=\"widget\" data-widget_type=\"trx_sc_button.default\">\n\t\t\t\t<div class=\"elementor-widget-container\">\n\t\t\t\t\t<div id=\"trx_sc_button_1188482429\"\tclass=\"sc_item_button sc_button_wrap sc_align_center\"><a href=\"https:\/\/balioceansurf.com\/fr\/surf-school\/#services\" class=\"sc_button sc_button_simple sc_button_size_normal sc_button_icon_left\"><span class=\"sc_button_text sc_align_center\"><span class=\"sc_button_title\">services compl\u00e9mentaires<\/span><\/span><!-- \/.sc_button_text --><\/a><!-- \/.sc_button --><\/div><!-- \/.sc_item_button -->\t\t\t\t<\/div>\n\t\t\t\t<\/div>\n\t\t\t\t\t<\/div>\n\t\t<\/div>\n\t\t\t\t<div class=\"elementor-column elementor-col-33 elementor-inner-column elementor-element elementor-element-5962b69 sc_layouts_column sc_layouts_column_align_center sc_inner_width_none sc_layouts_column_icons_position_left\" data-id=\"5962b69\" data-element_type=\"column\" data-e-type=\"column\">\n\t\t\t<div class=\"elementor-widget-wrap elementor-element-populated\">\n\t\t\t\t\t\t<div class=\"elementor-element elementor-element-91281ab sc_fly_static elementor-widget elementor-widget-trx_sc_button\" data-id=\"91281ab\" data-element_type=\"widget\" data-e-type=\"widget\" data-widget_type=\"trx_sc_button.default\">\n\t\t\t\t<div class=\"elementor-widget-container\">\n\t\t\t\t\t<div id=\"trx_sc_button_1378300788\"\tclass=\"sc_item_button sc_button_wrap sc_align_center\"><a href=\"https:\/\/balioceansurf.com\/fr\/surf-school\/#recommandations\" class=\"sc_button sc_button_simple sc_button_size_normal sc_button_icon_left\"><span class=\"sc_button_text\"><span class=\"sc_button_title\">Nos recommandations<\/span><\/span><!-- \/.sc_button_text --><\/a><!-- \/.sc_button --><\/div><!-- \/.sc_item_button -->\t\t\t\t<\/div>\n\t\t\t\t<\/div>\n\t\t\t\t\t<\/div>\n\t\t<\/div>\n\t\t\t\t\t<\/div>\n\t\t<\/section>\n\t\t\t\t\t<\/div>\n\t\t<\/div>\n\t\t\t\t\t<\/div>\n\t\t<\/section>\n\t\t\t\t<section class=\"elementor-section elementor-top-section elementor-element elementor-element-a20559d elementor-section-stretched elementor-section-full_width elementor-section-height-default elementor-section-height-default\" data-id=\"a20559d\" data-element_type=\"section\" data-e-type=\"section\" data-settings=\"{&quot;stretch_section&quot;:&quot;section-stretched&quot;,&quot;background_background&quot;:&quot;classic&quot;}\">\n\t\t\t\t\t\t<div class=\"elementor-container elementor-column-gap-no\">\n\t\t\t\t\t<div class=\"elementor-column elementor-col-100 elementor-top-column elementor-element elementor-element-55745d7 sc_inner_width_none sc_layouts_column_icons_position_left\" data-id=\"55745d7\" data-element_type=\"column\" data-e-type=\"column\">\n\t\t\t<div class=\"elementor-widget-wrap elementor-element-populated\">\n\t\t\t\t\t\t<div class=\"elementor-element elementor-element-e775795 scheme_dark sc_fly_static elementor-widget elementor-widget-trx_sc_icons\" data-id=\"e775795\" data-element_type=\"widget\" data-e-type=\"widget\" data-widget_type=\"trx_sc_icons.default\">\n\t\t\t\t<div class=\"elementor-widget-container\">\n\t\t\t\t\t<div id=\"trx_sc_icons_74246990\" \n\tclass=\"sc_icons sc_icons_default sc_icons_size_small sc_align_center\"><div class=\"sc_icons_columns_wrap sc_item_columns trx_addons_columns_wrap columns_padding_bottom\"><div class=\"trx_addons_column-1_3\"><div class=\"sc_icons_item sc_icons_item_linked\"><div class=\"sc_icons_icon sc_icon_type_ icon-instagramm\" style=\"color: #00CAC8\"><span class=\"sc_icon_type_ icon-instagramm\" style=\"color: #00CAC8\"><\/span><\/div><div class=\"sc_icons_item_details\"><h4 class=\"sc_icons_item_title\"><span>Instagram<\/span><\/h4><a href=\"https:\/\/www.instagram.com\/balioceansurf\/\"\n\t\t\t\t\t\tclass=\"sc_icons_item_link\"><\/a><\/div><\/div><\/div><div class=\"trx_addons_column-1_3\"><div class=\"sc_icons_item sc_icons_item_linked\"><div class=\"sc_icons_icon sc_icon_type_ icon-facebook-squared\" style=\"color: #00CAC8\"><span class=\"sc_icon_type_ icon-facebook-squared\" style=\"color: #00CAC8\"><\/span><\/div><div class=\"sc_icons_item_details\"><h4 class=\"sc_icons_item_title\"><span>Facebook<\/span><\/h4><a href=\"https:\/\/www.facebook.com\/coursdesurfabali\/\"\n\t\t\t\t\t\tclass=\"sc_icons_item_link\"><\/a><\/div><\/div><\/div><div class=\"trx_addons_column-1_3\"><div class=\"sc_icons_item sc_icons_item_linked\"><div class=\"sc_icons_icon sc_icon_type_ icon-youtube\" style=\"color: #00CAC8\"><span class=\"sc_icon_type_ icon-youtube\" style=\"color: #00CAC8\"><\/span><\/div><div class=\"sc_icons_item_details\"><h4 class=\"sc_icons_item_title\"><span>YouTube<\/span><\/h4><a href=\"https:\/\/www.youtube.com\/@balioceansurf5372\"\n\t\t\t\t\t\tclass=\"sc_icons_item_link\"><\/a><\/div><\/div><\/div><\/div><\/div><!-- \/.sc_icons -->\t\t\t\t<\/div>\n\t\t\t\t<\/div>\n\t\t\t\t\t<\/div>\n\t\t<\/div>\n\t\t\t\t\t<\/div>\n\t\t<\/section>\n\t\t\t\t<section class=\"elementor-section elementor-top-section elementor-element elementor-element-dca0455 elementor-section-stretched elementor-section-full_width elementor-section-height-default elementor-section-height-default\" data-id=\"dca0455\" data-element_type=\"section\" data-e-type=\"section\" data-settings=\"{&quot;stretch_section&quot;:&quot;section-stretched&quot;}\">\n\t\t\t\t\t\t<div class=\"elementor-container elementor-column-gap-no\">\n\t\t\t\t\t<div class=\"elementor-column elementor-col-100 elementor-top-column elementor-element elementor-element-52f0880 sc_inner_width_none sc_layouts_column_icons_position_left\" data-id=\"52f0880\" data-element_type=\"column\" data-e-type=\"column\">\n\t\t\t<div class=\"elementor-widget-wrap elementor-element-populated\">\n\t\t\t\t\t\t<div class=\"elementor-element elementor-element-7a51ade sc_fly_static elementor-widget elementor-widget-trx_sc_googlemap\" data-id=\"7a51ade\" data-element_type=\"widget\" data-e-type=\"widget\" data-widget_type=\"trx_sc_googlemap.default\">\n\t\t\t\t<div class=\"elementor-widget-container\">\n\t\t\t\t\t<div id=\"trx_sc_googlemap_2000933783_wrap\" class=\"sc_googlemap_wrap\"><div id=\"trx_sc_googlemap_2000933783\"\n\t\t\tclass=\"sc_googlemap sc_googlemap_default trx_addons_inline_1590541700\"\n\t\t\t\t\t\tdata-zoom=\"13\"\n\t\t\tdata-center=\"\"\n\t\t\tdata-style=\"dark\"\n\t\t\tdata-cluster-icon=\"https:\/\/new.balioceansurf.com\/wp-content\/uploads\/2024\/07\/Logo_BOS.webp\"\n\t\t\t><iframe\n\t\t\t\t\t\tsrc=\"https:\/\/maps.google.com\/maps?t=m&output=embed&iwloc=near&z=13&q=Bali+Ocean+Surf\"\n\t\t\t\t\t\taria-label=\"One\"><\/iframe><\/div><\/div><!-- \/.sc_googlemap_wrap -->\t\t\t\t<\/div>\n\t\t\t\t<\/div>\n\t\t\t\t\t<\/div>\n\t\t<\/div>\n\t\t\t\t\t<\/div>\n\t\t<\/section>\n\t\t\t\t<section class=\"elementor-section elementor-top-section elementor-element elementor-element-d5163af elementor-section-full_width elementor-section-stretched elementor-section-height-default elementor-section-height-default\" data-id=\"d5163af\" data-element_type=\"section\" data-e-type=\"section\" data-settings=\"{&quot;stretch_section&quot;:&quot;section-stretched&quot;}\">\n\t\t\t\t\t\t<div class=\"elementor-container elementor-column-gap-no\">\n\t\t\t\t\t<div class=\"elementor-column elementor-col-100 elementor-top-column elementor-element elementor-element-67b35a1 sc_inner_width_none sc_layouts_column_icons_position_left\" data-id=\"67b35a1\" data-element_type=\"column\" data-e-type=\"column\">\n\t\t\t<div class=\"elementor-widget-wrap elementor-element-populated\">\n\t\t\t\t\t\t<div class=\"elementor-element elementor-element-313b950 sc_fly_static elementor-widget elementor-widget-trx_sc_icons\" data-id=\"313b950\" data-element_type=\"widget\" data-e-type=\"widget\" data-widget_type=\"trx_sc_icons.default\">\n\t\t\t\t<div class=\"elementor-widget-container\">\n\t\t\t\t\t<div id=\"trx_sc_icons_1359375878\" \n\tclass=\"sc_icons sc_icons_default sc_icons_size_medium sc_align_left\"><div class=\"sc_icons_columns_wrap sc_item_columns trx_addons_columns_wrap columns_padding_bottom\"><div class=\"trx_addons_column-1_3\"><div class=\"sc_icons_item\"><div class=\"sc_icons_icon sc_icon_type_ icon-map\"><span class=\"sc_icon_type_ icon-map\"><\/span><\/div><div class=\"sc_icons_item_details\"><h4 class=\"sc_icons_item_title\"><span>Adresse<\/span><\/h4><div class=\"sc_icons_item_description\"><span>Jl. Arjuna, Legian, Kec. Kuta, Kabupaten Badung, Bali 80361<\/span><\/div><\/div><\/div><\/div><div class=\"trx_addons_column-1_3\"><div class=\"sc_icons_item\"><div class=\"sc_icons_icon sc_icon_type_ icon-whatsapp\"><span class=\"sc_icon_type_ icon-whatsapp\"><\/span><\/div><div class=\"sc_icons_item_details\"><h4 class=\"sc_icons_item_title\"><span>WhatsApp<\/span><\/h4><div class=\"sc_icons_item_description\"><span><a href=\"tel:+6281139404004\">+62 811-3940-4004<\/a><\/span><\/div><\/div><\/div><\/div><div class=\"trx_addons_column-1_3\"><div class=\"sc_icons_item\"><div class=\"sc_icons_icon sc_icon_type_ icon-group-1554\"><span class=\"sc_icon_type_ icon-group-1554\"><\/span><\/div><div class=\"sc_icons_item_details\"><h4 class=\"sc_icons_item_title\"><span>E-mail<\/span><\/h4><div class=\"sc_icons_item_description\"><span><a href=\"mailto:contact@balioceansurf.com\">contact@balioceansurf.com <\/a><\/span><\/div><\/div><\/div><\/div><\/div><\/div><!-- \/.sc_icons -->\t\t\t\t<\/div>\n\t\t\t\t<\/div>\n\t\t\t\t\t<\/div>\n\t\t<\/div>\n\t\t\t\t\t<\/div>\n\t\t<\/section>\n\t\t\t\t<\/div>\n\t\t","protected":false},"excerpt":{"rendered":"<p>CONFIRMATION Votre demande a bien \u00e9t\u00e9 envoy\u00e9e ! Nous vous r\u00e9pondrons dans&hellip;<\/p>\n","protected":false},"author":1,"featured_media":0,"parent":4163,"menu_order":0,"comment_status":"closed","ping_status":"closed","template":"","meta":{"_lmt_disableupdate":"","_lmt_disable":"","footnotes":""},"categories":[],"tags":[],"class_list":["post-5471","page","type-page","status-publish","hentry"],"yoast_head":"<!-- This site is optimized with the Yoast SEO plugin v27.1.1 - https:\/\/yoast.com\/product\/yoast-seo-wordpress\/ -->\n<title>Confirmation - Bali Ocean Surf<\/title>\n<meta name=\"description\" content=\"Confirmation de votre demande de r\u00e9servation. D\u00e9couvrez nos goodies personnalis\u00e9s Bali Ocean Surf et b\u00e9n\u00e9ficiez de nos bons plans \u00e0 Bali !\" \/>\n<meta name=\"robots\" content=\"noindex, follow\" \/>\n<meta property=\"og:locale\" content=\"fr_FR\" \/>\n<meta property=\"og:type\" content=\"article\" \/>\n<meta property=\"og:title\" content=\"Confirmation - Bali Ocean Surf\" \/>\n<meta property=\"og:description\" content=\"Confirmation de votre demande de r\u00e9servation. D\u00e9couvrez nos goodies personnalis\u00e9s Bali Ocean Surf et b\u00e9n\u00e9ficiez de nos bons plans \u00e0 Bali !\" \/>\n<meta property=\"og:url\" content=\"https:\/\/balioceansurf.com\/fr\/booking\/confirmation\/\" \/>\n<meta property=\"og:site_name\" content=\"Bali Ocean Surf\" \/>\n<meta property=\"article:publisher\" content=\"https:\/\/web.facebook.com\/coursdesurfabali\" \/>\n<meta property=\"article:modified_time\" content=\"2025-08-12T11:45:44+00:00\" \/>\n<meta name=\"twitter:card\" content=\"summary_large_image\" \/>\n<meta name=\"twitter:label1\" content=\"Dur\u00e9e de lecture estim\u00e9e\" \/>\n\t<meta name=\"twitter:data1\" content=\"1 minute\" \/>\n<script type=\"application\/ld+json\" class=\"yoast-schema-graph\">{\"@context\":\"https:\/\/schema.org\",\"@graph\":[{\"@type\":\"WebPage\",\"@id\":\"https:\/\/balioceansurf.com\/booking\/confirmation\/\",\"url\":\"https:\/\/balioceansurf.com\/booking\/confirmation\/\",\"name\":\"Confirmation - Bali Ocean Surf\",\"isPartOf\":{\"@id\":\"https:\/\/balioceansurf.com\/en\/#website\"},\"datePublished\":\"2024-08-07T11:04:53+00:00\",\"dateModified\":\"2025-08-12T11:45:44+00:00\",\"description\":\"Confirmation de votre demande de r\u00e9servation. D\u00e9couvrez nos goodies personnalis\u00e9s Bali Ocean Surf et b\u00e9n\u00e9ficiez de nos bons plans \u00e0 Bali !\",\"breadcrumb\":{\"@id\":\"https:\/\/balioceansurf.com\/booking\/confirmation\/#breadcrumb\"},\"inLanguage\":\"fr-FR\",\"potentialAction\":[{\"@type\":\"ReadAction\",\"target\":[\"https:\/\/balioceansurf.com\/booking\/confirmation\/\"]}]},{\"@type\":\"BreadcrumbList\",\"@id\":\"https:\/\/balioceansurf.com\/booking\/confirmation\/#breadcrumb\",\"itemListElement\":[{\"@type\":\"ListItem\",\"position\":1,\"name\":\"Home\",\"item\":\"https:\/\/balioceansurf.com\/fr\/\"},{\"@type\":\"ListItem\",\"position\":2,\"name\":\"R\u00c9SERVATION\",\"item\":\"https:\/\/balioceansurf.com\/booking\/\"},{\"@type\":\"ListItem\",\"position\":3,\"name\":\"CONFIRMATION\"}]},{\"@type\":\"WebSite\",\"@id\":\"https:\/\/balioceansurf.com\/en\/#website\",\"url\":\"https:\/\/balioceansurf.com\/en\/\",\"name\":\"Bali Ocean Surf\",\"description\":\"\u00c9cole de Surf Fran\u00e7aise\",\"publisher\":{\"@id\":\"https:\/\/balioceansurf.com\/en\/#organization\"},\"potentialAction\":[{\"@type\":\"SearchAction\",\"target\":{\"@type\":\"EntryPoint\",\"urlTemplate\":\"https:\/\/balioceansurf.com\/en\/?s={search_term_string}\"},\"query-input\":{\"@type\":\"PropertyValueSpecification\",\"valueRequired\":true,\"valueName\":\"search_term_string\"}}],\"inLanguage\":\"fr-FR\"},{\"@type\":\"Organization\",\"@id\":\"https:\/\/balioceansurf.com\/en\/#organization\",\"name\":\"Bali Ocean Surf\",\"url\":\"https:\/\/balioceansurf.com\/en\/\",\"logo\":{\"@type\":\"ImageObject\",\"inLanguage\":\"fr-FR\",\"@id\":\"https:\/\/balioceansurf.com\/en\/#\/schema\/logo\/image\/\",\"url\":\"\",\"contentUrl\":\"\",\"caption\":\"Bali Ocean Surf\"},\"image\":{\"@id\":\"https:\/\/balioceansurf.com\/en\/#\/schema\/logo\/image\/\"},\"sameAs\":[\"https:\/\/web.facebook.com\/coursdesurfabali\",\"https:\/\/www.instagram.com\/balioceansurf\/\",\"https:\/\/www.tripadvisor.fr\/Attraction_Review-g297697-d4858501-Reviews-Bali_Ocean_Surf-Kuta_Kuta_District_Bali.html\",\"https:\/\/www.youtube.com\/channel\/UCfuC4yTURISNuUexgbhfN8w\"]}]}<\/script>\n<!-- \/ Yoast SEO plugin. -->","yoast_head_json":{"title":"Confirmation - Bali Ocean Surf","description":"Confirmation de votre demande de r\u00e9servation. D\u00e9couvrez nos goodies personnalis\u00e9s Bali Ocean Surf et b\u00e9n\u00e9ficiez de nos bons plans \u00e0 Bali !","robots":{"index":"noindex","follow":"follow"},"og_locale":"fr_FR","og_type":"article","og_title":"Confirmation - Bali Ocean Surf","og_description":"Confirmation de votre demande de r\u00e9servation. D\u00e9couvrez nos goodies personnalis\u00e9s Bali Ocean Surf et b\u00e9n\u00e9ficiez de nos bons plans \u00e0 Bali !","og_url":"https:\/\/balioceansurf.com\/fr\/booking\/confirmation\/","og_site_name":"Bali Ocean Surf","article_publisher":"https:\/\/web.facebook.com\/coursdesurfabali","article_modified_time":"2025-08-12T11:45:44+00:00","twitter_card":"summary_large_image","twitter_misc":{"Dur\u00e9e de lecture estim\u00e9e":"1 minute"},"schema":{"@context":"https:\/\/schema.org","@graph":[{"@type":"WebPage","@id":"https:\/\/balioceansurf.com\/booking\/confirmation\/","url":"https:\/\/balioceansurf.com\/booking\/confirmation\/","name":"Confirmation - Bali Ocean Surf","isPartOf":{"@id":"https:\/\/balioceansurf.com\/en\/#website"},"datePublished":"2024-08-07T11:04:53+00:00","dateModified":"2025-08-12T11:45:44+00:00","description":"Confirmation de votre demande de r\u00e9servation. D\u00e9couvrez nos goodies personnalis\u00e9s Bali Ocean Surf et b\u00e9n\u00e9ficiez de nos bons plans \u00e0 Bali !","breadcrumb":{"@id":"https:\/\/balioceansurf.com\/booking\/confirmation\/#breadcrumb"},"inLanguage":"fr-FR","potentialAction":[{"@type":"ReadAction","target":["https:\/\/balioceansurf.com\/booking\/confirmation\/"]}]},{"@type":"BreadcrumbList","@id":"https:\/\/balioceansurf.com\/booking\/confirmation\/#breadcrumb","itemListElement":[{"@type":"ListItem","position":1,"name":"Home","item":"https:\/\/balioceansurf.com\/fr\/"},{"@type":"ListItem","position":2,"name":"R\u00c9SERVATION","item":"https:\/\/balioceansurf.com\/booking\/"},{"@type":"ListItem","position":3,"name":"CONFIRMATION"}]},{"@type":"WebSite","@id":"https:\/\/balioceansurf.com\/en\/#website","url":"https:\/\/balioceansurf.com\/en\/","name":"Bali Ocean Surf","description":"\u00c9cole de Surf Fran\u00e7aise","publisher":{"@id":"https:\/\/balioceansurf.com\/en\/#organization"},"potentialAction":[{"@type":"SearchAction","target":{"@type":"EntryPoint","urlTemplate":"https:\/\/balioceansurf.com\/en\/?s={search_term_string}"},"query-input":{"@type":"PropertyValueSpecification","valueRequired":true,"valueName":"search_term_string"}}],"inLanguage":"fr-FR"},{"@type":"Organization","@id":"https:\/\/balioceansurf.com\/en\/#organization","name":"Bali Ocean Surf","url":"https:\/\/balioceansurf.com\/en\/","logo":{"@type":"ImageObject","inLanguage":"fr-FR","@id":"https:\/\/balioceansurf.com\/en\/#\/schema\/logo\/image\/","url":"","contentUrl":"","caption":"Bali Ocean Surf"},"image":{"@id":"https:\/\/balioceansurf.com\/en\/#\/schema\/logo\/image\/"},"sameAs":["https:\/\/web.facebook.com\/coursdesurfabali","https:\/\/www.instagram.com\/balioceansurf\/","https:\/\/www.tripadvisor.fr\/Attraction_Review-g297697-d4858501-Reviews-Bali_Ocean_Surf-Kuta_Kuta_District_Bali.html","https:\/\/www.youtube.com\/channel\/UCfuC4yTURISNuUexgbhfN8w"]}]}},"_links":{"self":[{"href":"https:\/\/balioceansurf.com\/fr\/wp-json\/wp\/v2\/pages\/5471","targetHints":{"allow":["GET"]}}],"collection":[{"href":"https:\/\/balioceansurf.com\/fr\/wp-json\/wp\/v2\/pages"}],"about":[{"href":"https:\/\/balioceansurf.com\/fr\/wp-json\/wp\/v2\/types\/page"}],"author":[{"embeddable":true,"href":"https:\/\/balioceansurf.com\/fr\/wp-json\/wp\/v2\/users\/1"}],"replies":[{"embeddable":true,"href":"https:\/\/balioceansurf.com\/fr\/wp-json\/wp\/v2\/comments?post=5471"}],"version-history":[{"count":24,"href":"https:\/\/balioceansurf.com\/fr\/wp-json\/wp\/v2\/pages\/5471\/revisions"}],"predecessor-version":[{"id":9511,"href":"https:\/\/balioceansurf.com\/fr\/wp-json\/wp\/v2\/pages\/5471\/revisions\/9511"}],"up":[{"embeddable":true,"href":"https:\/\/balioceansurf.com\/fr\/wp-json\/wp\/v2\/pages\/4163"}],"wp:attachment":[{"href":"https:\/\/balioceansurf.com\/fr\/wp-json\/wp\/v2\/media?parent=5471"}],"wp:term":[{"taxonomy":"category","embeddable":true,"href":"https:\/\/balioceansurf.com\/fr\/wp-json\/wp\/v2\/categories?post=5471"},{"taxonomy":"post_tag","embeddable":true,"href":"https:\/\/balioceansurf.com\/fr\/wp-json\/wp\/v2\/tags?post=5471"}],"curies":[{"name":"wp","href":"https:\/\/api.w.org\/{rel}","templated":true}]}}